{"id":12,"date":"2023-12-14T20:29:12","date_gmt":"2023-12-14T23:29:12","guid":{"rendered":"http:\/\/localhost\/?page_id=12"},"modified":"2025-01-05T20:34:52","modified_gmt":"2025-01-05T23:34:52","slug":"home-dz","status":"publish","type":"page","link":"https:\/\/dzstudio.protoaws.dzigual.com.br\/pt-br\/","title":{"rendered":"Home DZ"},"content":{"rendered":"","protected":false},"excerpt":{"rendered":"","protected":false},"author":1,"featured_media":888,"parent":0,"menu_order":0,"comment_status":"closed","ping_status":"closed","template":"template-home\/homepage.php","meta":{"_acf_changed":false,"footnotes":""},"class_list":["post-12","page","type-page","status-publish","has-post-thumbnail","hentry"],"acf":[],"yoast_head":"<!-- This site is optimized with the Yoast SEO plugin v26.9 - https:\/\/yoast.com\/product\/yoast-seo-wordpress\/ -->\n<title>DZ_Studio \u2022\u00a0Creative Partner<\/title>\n<meta name=\"description\" content=\"The creative-strategic partner of leading companies. We combine strategy, design, and technology to deliver innovative solutions.\" \/>\n<meta name=\"robots\" content=\"index, follow, max-snippet:-1, max-image-preview:large, max-video-preview:-1\" \/>\n<link rel=\"canonical\" href=\"https:\/\/dzstudio.protoaws.dzigual.com.br\/\" \/>\n<meta property=\"og:locale\" content=\"pt_BR\" \/>\n<meta property=\"og:type\" content=\"article\" \/>\n<meta property=\"og:title\" content=\"DZ_Studio \u2022\u00a0Creative Partner\" \/>\n<meta property=\"og:description\" content=\"The creative-strategic partner of leading companies. We combine strategy, design, and technology to deliver innovative solutions.\" \/>\n<meta property=\"og:url\" content=\"https:\/\/dzstudio.protoaws.dzigual.com.br\/\" \/>\n<meta property=\"og:site_name\" content=\"DZ_STUDIO \u2022\u00a0Creative Partner\" \/>\n<meta property=\"article:modified_time\" content=\"2025-01-05T23:34:52+00:00\" \/>\n<meta property=\"og:image\" content=\"https:\/\/dzstudio.protoaws.dzigual.com.br\/wp-content\/uploads\/2025\/01\/dzstudio.jpg\" \/>\n\t<meta property=\"og:image:width\" content=\"1120\" \/>\n\t<meta property=\"og:image:height\" content=\"630\" \/>\n\t<meta property=\"og:image:type\" content=\"image\/jpeg\" \/>\n<meta name=\"twitter:card\" content=\"summary_large_image\" \/>\n<meta name=\"twitter:label1\" content=\"Est. reading time\" \/>\n\t<meta name=\"twitter:data1\" content=\"1 minuto\" \/>\n<script type=\"application\/ld+json\" class=\"yoast-schema-graph\">{\"@context\":\"https:\/\/schema.org\",\"@graph\":[{\"@type\":\"WebPage\",\"@id\":\"https:\/\/dzstudio.protoaws.dzigual.com.br\/\",\"url\":\"https:\/\/dzstudio.protoaws.dzigual.com.br\/\",\"name\":\"DZ_Studio \u2022\u00a0Creative Partner\",\"isPartOf\":{\"@id\":\"https:\/\/dzstudio.protoaws.dzigual.com.br\/#website\"},\"primaryImageOfPage\":{\"@id\":\"https:\/\/dzstudio.protoaws.dzigual.com.br\/#primaryimage\"},\"image\":{\"@id\":\"https:\/\/dzstudio.protoaws.dzigual.com.br\/#primaryimage\"},\"thumbnailUrl\":\"https:\/\/dzstudio.protoaws.dzigual.com.br\/wp-content\/uploads\/2025\/01\/dzstudio.jpg\",\"datePublished\":\"2023-12-14T23:29:12+00:00\",\"dateModified\":\"2025-01-05T23:34:52+00:00\",\"description\":\"The creative-strategic partner of leading companies. We combine strategy, design, and technology to deliver innovative solutions.\",\"breadcrumb\":{\"@id\":\"https:\/\/dzstudio.protoaws.dzigual.com.br\/#breadcrumb\"},\"inLanguage\":\"pt-BR\",\"potentialAction\":[{\"@type\":\"ReadAction\",\"target\":[\"https:\/\/dzstudio.protoaws.dzigual.com.br\/\"]}]},{\"@type\":\"ImageObject\",\"inLanguage\":\"pt-BR\",\"@id\":\"https:\/\/dzstudio.protoaws.dzigual.com.br\/#primaryimage\",\"url\":\"https:\/\/dzstudio.protoaws.dzigual.com.br\/wp-content\/uploads\/2025\/01\/dzstudio.jpg\",\"contentUrl\":\"https:\/\/dzstudio.protoaws.dzigual.com.br\/wp-content\/uploads\/2025\/01\/dzstudio.jpg\",\"width\":1120,\"height\":630},{\"@type\":\"BreadcrumbList\",\"@id\":\"https:\/\/dzstudio.protoaws.dzigual.com.br\/#breadcrumb\",\"itemListElement\":[{\"@type\":\"ListItem\",\"position\":1,\"name\":\"Home\",\"item\":\"https:\/\/dzstudio.protoaws.dzigual.com.br\/\"},{\"@type\":\"ListItem\",\"position\":2,\"name\":\"Home DZ\"}]},{\"@type\":\"WebSite\",\"@id\":\"https:\/\/dzstudio.protoaws.dzigual.com.br\/#website\",\"url\":\"https:\/\/dzstudio.protoaws.dzigual.com.br\/\",\"name\":\"dzigual.com.br\",\"description\":\"Desde 1993, o parceiro criativo-estrat\u00e9gico das grandes empresas. Unimos estrat\u00e9gia, design e tecnologia para entregar solu\u00e7\u00f5es inovadores.\",\"publisher\":{\"@id\":\"https:\/\/dzstudio.protoaws.dzigual.com.br\/#organization\"},\"potentialAction\":[{\"@type\":\"SearchAction\",\"target\":{\"@type\":\"EntryPoint\",\"urlTemplate\":\"https:\/\/dzstudio.protoaws.dzigual.com.br\/?s={search_term_string}\"},\"query-input\":{\"@type\":\"PropertyValueSpecification\",\"valueRequired\":true,\"valueName\":\"search_term_string\"}}],\"inLanguage\":\"pt-BR\"},{\"@type\":\"Organization\",\"@id\":\"https:\/\/dzstudio.protoaws.dzigual.com.br\/#organization\",\"name\":\"Dzigual\",\"url\":\"https:\/\/dzstudio.protoaws.dzigual.com.br\/\",\"logo\":{\"@type\":\"ImageObject\",\"inLanguage\":\"pt-BR\",\"@id\":\"https:\/\/dzstudio.protoaws.dzigual.com.br\/#\/schema\/logo\/image\/\",\"url\":\"https:\/\/dz2024.protoaws.dzigual.com.br\/wp-content\/uploads\/2024\/04\/cropped-favicon.jpg\",\"contentUrl\":\"https:\/\/dz2024.protoaws.dzigual.com.br\/wp-content\/uploads\/2024\/04\/cropped-favicon.jpg\",\"width\":512,\"height\":512,\"caption\":\"Dzigual\"},\"image\":{\"@id\":\"https:\/\/dzstudio.protoaws.dzigual.com.br\/#\/schema\/logo\/image\/\"}}]}<\/script>\n<!-- \/ Yoast SEO plugin. -->","yoast_head_json":{"title":"DZ_Studio \u2022\u00a0Creative Partner","description":"The creative-strategic partner of leading companies. We combine strategy, design, and technology to deliver innovative solutions.","robots":{"index":"index","follow":"follow","max-snippet":"max-snippet:-1","max-image-preview":"max-image-preview:large","max-video-preview":"max-video-preview:-1"},"canonical":"https:\/\/dzstudio.protoaws.dzigual.com.br\/","og_locale":"pt_BR","og_type":"article","og_title":"DZ_Studio \u2022\u00a0Creative Partner","og_description":"The creative-strategic partner of leading companies. We combine strategy, design, and technology to deliver innovative solutions.","og_url":"https:\/\/dzstudio.protoaws.dzigual.com.br\/","og_site_name":"DZ_STUDIO \u2022\u00a0Creative Partner","article_modified_time":"2025-01-05T23:34:52+00:00","og_image":[{"width":1120,"height":630,"url":"https:\/\/dzstudio.protoaws.dzigual.com.br\/wp-content\/uploads\/2025\/01\/dzstudio.jpg","type":"image\/jpeg"}],"twitter_card":"summary_large_image","twitter_misc":{"Est. reading time":"1 minuto"},"schema":{"@context":"https:\/\/schema.org","@graph":[{"@type":"WebPage","@id":"https:\/\/dzstudio.protoaws.dzigual.com.br\/","url":"https:\/\/dzstudio.protoaws.dzigual.com.br\/","name":"DZ_Studio \u2022\u00a0Creative Partner","isPartOf":{"@id":"https:\/\/dzstudio.protoaws.dzigual.com.br\/#website"},"primaryImageOfPage":{"@id":"https:\/\/dzstudio.protoaws.dzigual.com.br\/#primaryimage"},"image":{"@id":"https:\/\/dzstudio.protoaws.dzigual.com.br\/#primaryimage"},"thumbnailUrl":"https:\/\/dzstudio.protoaws.dzigual.com.br\/wp-content\/uploads\/2025\/01\/dzstudio.jpg","datePublished":"2023-12-14T23:29:12+00:00","dateModified":"2025-01-05T23:34:52+00:00","description":"The creative-strategic partner of leading companies. We combine strategy, design, and technology to deliver innovative solutions.","breadcrumb":{"@id":"https:\/\/dzstudio.protoaws.dzigual.com.br\/#breadcrumb"},"inLanguage":"pt-BR","potentialAction":[{"@type":"ReadAction","target":["https:\/\/dzstudio.protoaws.dzigual.com.br\/"]}]},{"@type":"ImageObject","inLanguage":"pt-BR","@id":"https:\/\/dzstudio.protoaws.dzigual.com.br\/#primaryimage","url":"https:\/\/dzstudio.protoaws.dzigual.com.br\/wp-content\/uploads\/2025\/01\/dzstudio.jpg","contentUrl":"https:\/\/dzstudio.protoaws.dzigual.com.br\/wp-content\/uploads\/2025\/01\/dzstudio.jpg","width":1120,"height":630},{"@type":"BreadcrumbList","@id":"https:\/\/dzstudio.protoaws.dzigual.com.br\/#breadcrumb","itemListElement":[{"@type":"ListItem","position":1,"name":"Home","item":"https:\/\/dzstudio.protoaws.dzigual.com.br\/"},{"@type":"ListItem","position":2,"name":"Home DZ"}]},{"@type":"WebSite","@id":"https:\/\/dzstudio.protoaws.dzigual.com.br\/#website","url":"https:\/\/dzstudio.protoaws.dzigual.com.br\/","name":"dzigual.com.br","description":"Desde 1993, o parceiro criativo-estrat\u00e9gico das grandes empresas. Unimos estrat\u00e9gia, design e tecnologia para entregar solu\u00e7\u00f5es inovadores.","publisher":{"@id":"https:\/\/dzstudio.protoaws.dzigual.com.br\/#organization"},"potentialAction":[{"@type":"SearchAction","target":{"@type":"EntryPoint","urlTemplate":"https:\/\/dzstudio.protoaws.dzigual.com.br\/?s={search_term_string}"},"query-input":{"@type":"PropertyValueSpecification","valueRequired":true,"valueName":"search_term_string"}}],"inLanguage":"pt-BR"},{"@type":"Organization","@id":"https:\/\/dzstudio.protoaws.dzigual.com.br\/#organization","name":"Dzigual","url":"https:\/\/dzstudio.protoaws.dzigual.com.br\/","logo":{"@type":"ImageObject","inLanguage":"pt-BR","@id":"https:\/\/dzstudio.protoaws.dzigual.com.br\/#\/schema\/logo\/image\/","url":"https:\/\/dz2024.protoaws.dzigual.com.br\/wp-content\/uploads\/2024\/04\/cropped-favicon.jpg","contentUrl":"https:\/\/dz2024.protoaws.dzigual.com.br\/wp-content\/uploads\/2024\/04\/cropped-favicon.jpg","width":512,"height":512,"caption":"Dzigual"},"image":{"@id":"https:\/\/dzstudio.protoaws.dzigual.com.br\/#\/schema\/logo\/image\/"}}]}},"_links":{"self":[{"href":"https:\/\/dzstudio.protoaws.dzigual.com.br\/pt-br\/wp-json\/wp\/v2\/pages\/12","targetHints":{"allow":["GET"]}}],"collection":[{"href":"https:\/\/dzstudio.protoaws.dzigual.com.br\/pt-br\/wp-json\/wp\/v2\/pages"}],"about":[{"href":"https:\/\/dzstudio.protoaws.dzigual.com.br\/pt-br\/wp-json\/wp\/v2\/types\/page"}],"author":[{"embeddable":true,"href":"https:\/\/dzstudio.protoaws.dzigual.com.br\/pt-br\/wp-json\/wp\/v2\/users\/1"}],"replies":[{"embeddable":true,"href":"https:\/\/dzstudio.protoaws.dzigual.com.br\/pt-br\/wp-json\/wp\/v2\/comments?post=12"}],"version-history":[{"count":54,"href":"https:\/\/dzstudio.protoaws.dzigual.com.br\/pt-br\/wp-json\/wp\/v2\/pages\/12\/revisions"}],"predecessor-version":[{"id":882,"href":"https:\/\/dzstudio.protoaws.dzigual.com.br\/pt-br\/wp-json\/wp\/v2\/pages\/12\/revisions\/882"}],"wp:featuredmedia":[{"embeddable":true,"href":"https:\/\/dzstudio.protoaws.dzigual.com.br\/pt-br\/wp-json\/wp\/v2\/media\/888"}],"wp:attachment":[{"href":"https:\/\/dzstudio.protoaws.dzigual.com.br\/pt-br\/wp-json\/wp\/v2\/media?parent=12"}],"curies":[{"name":"wp","href":"https:\/\/api.w.org\/{rel}","templated":true}]}}